{"id":65,"date":"2021-06-17T15:29:09","date_gmt":"2021-06-17T13:29:09","guid":{"rendered":"http:\/\/epkshbe.cluster030.hosting.ovh.net\/?page_id=65"},"modified":"2021-06-17T16:56:52","modified_gmt":"2021-06-17T14:56:52","slug":"deklaracja-dostepnosci","status":"publish","type":"page","link":"https:\/\/babel.uw.edu.pl\/index.php\/deklaracja-dostepnosci\/","title":{"rendered":"Deklaracja dost\u0119pno\u015bci"},"content":{"rendered":"<p id=\"a11y-wstep\"><span id=\"a11y-podmiot\">Uniwersytet Warszawski<\/span> zobowi\u0105zuje si\u0119 zapewni\u0107 dost\u0119pno\u015b\u0107 swojej strony internetowej zgodnie z przepisami ustawy z dnia 4 kwietnia 2019 r. o dost\u0119pno\u015bci cyfrowej stron internetowych i aplikacji mobilnych podmiot\u00f3w publicznych. O\u015bwiadczenie w sprawie dost\u0119pn\u015bci ma zastosowanie do strony internetowej <a id=\"a11y-url\" href=\"http:\/\/www.babel.uw.edu.pl\"><strong>www.babel.uw.edu.pl<\/strong><\/a><\/p>\n<ul>\n<li>Data publikacji strony internetowej: <span id=\"a11y-data-publikacja\"><strong>2011-08-26<\/strong><\/span>.<\/li>\n<li>Data ostatniej istotnej aktualizacji: <span id=\"a11y-data-aktualizacja\"><strong>2020-10-25 <\/strong><\/span>.<\/li>\n<\/ul>\n<h2>Status zgodno\u015bci z ustaw\u0105 o dost\u0119pno\u015bci cyfrowej<\/h2>\n<div id=\"a11y-status\">\n<p>Strona internetowa jest cz\u0119\u015bciowo zgodna z ustaw\u0105 z dnia 4 kwietnia 2019 r. o dost\u0119pno\u015bci cyfrowej stron internetowych i aplikacji mobilnych podmiot\u00f3w publicznych z powodu niezgodno\u015bci lub wy\u0142\u0105cze\u0144 wymienionych poni\u017cej.<\/p>\n<\/div>\n<ul>\n<li>Kotwice (odno\u015bniki w obr\u0119bie strony)\n<ul>\n<li>Serwis nie posiada odno\u015bnik\u00f3w umo\u017cliwiaj\u0105cych bezpo\u015brednie przej\u015bcie do tre\u015bci stron.<\/li>\n<\/ul>\n<\/li>\n<li>Linki\n<ul>\n<li>W serwisie wyst\u0119puj\u0105 odno\u015bniki z atrybutem &#8222;title&#8221; o tre\u015bci identycznej z tre\u015bci\u0105 odno\u015bnika.<\/li>\n<li>Serwis posiada grafiki b\u0119d\u0105ce odno\u015bnikami i nie posiadaj\u0105ce opisu w znaczniku ALT lub jest on niewystarczaj\u0105cy.<\/li>\n<\/ul>\n<\/li>\n<li>Znacznik j\u0119zyka strony lub tre\u015bci tekstowej.\n<ul>\n<li>Na stronach serwisu nie okre\u015blono znacznika j\u0119zyka.<\/li>\n<li>Serwis posiada komunikaty obcoj\u0119zyczne, dla kt\u00f3rych nie okre\u015blono znacznika j\u0119zyka.<\/li>\n<\/ul>\n<\/li>\n<li>Nag\u0142\u00f3wki\n<ul>\n<li>Strony serwisu mog\u0105 posiada\u0107 wielokrotne nag\u0142\u00f3wki H1.<\/li>\n<\/ul>\n<\/li>\n<li>Alternatywne opisy dla grafiki\n<ul>\n<li>Serwis posiada ilustracje bez tekst\u00f3w alternatywnych.<\/li>\n<\/ul>\n<\/li>\n<li>Obszary strony, tzw. landmarki\n<ul>\n<li>Serwis nie posiada zdefiniowanych obszar\u00f3w tzw. landmark\u00f3w.<\/li>\n<\/ul>\n<\/li>\n<li>Wyszukiwanie w serwisie\n<ul>\n<li>Serwis nie posiada mechanizmu wyszukiwania.<\/li>\n<\/ul>\n<\/li>\n<li>Mapa serwisu, zrozumia\u0142o\u015b\u0107 struktury serwisu, \u0142atwo\u015b\u0107 odnajdywania informacji\n<ul>\n<li>Serwis nie posiada mapy stron.<\/li>\n<\/ul>\n<\/li>\n<li>Kontrasty i kolorystyka strony\n<ul>\n<li>Serwis zawiera elementy niespe\u0142niaj\u0105ce wymog\u00f3w kontrastu.<\/li>\n<\/ul>\n<\/li>\n<li>Widoczno\u015b\u0107 fokusa klawiatury\n<ul>\n<li>Serwis ukrywa widoczno\u015b\u0107 fokusu klawiatury.<\/li>\n<\/ul>\n<\/li>\n<li>Responsywno\u015b\u0107 (RWD)\n<ul>\n<li>Serwis nie umo\u017cliwia dynamicznego dopasowywania zawarto\u015bci do wielko\u015bci ekranu.<\/li>\n<li>W trybie mobilnym cz\u0119\u015b\u0107 informacji mo\u017ce by\u0107 niewidoczna.<\/li>\n<\/ul>\n<\/li>\n<li>Wyr\u00f3\u017cnienie link\u00f3w i innych istotnych element\u00f3w strony\n<ul>\n<li>Serwis posiada odno\u015bniki wyr\u00f3\u017cnione tylko kolorem.<\/li>\n<\/ul>\n<\/li>\n<li>Logiczna kolejno\u015b\u0107 fokusa klawiatury\n<ul>\n<li>Serwis ukrywa po\u0142o\u017cenie fokusu klawiatury.<\/li>\n<\/ul>\n<\/li>\n<li>Walidacja HTML\/CSS\n<ul>\n<li>W serwisie wyst\u0119puj\u0105 problemy z walidacj\u0105 HTML.<\/li>\n<\/ul>\n<\/li>\n<\/ul>\n<p>O\u015bwiadczenie sporz\u0105dzono dnia: <span id=\"a11y-data-sporzadzenie\"><strong>2021-03-04<\/strong><\/span>. Deklaracj\u0119 sporz\u0105dzono na podstawie samooceny przeprowadzonej przez podmiot publiczny: <span id=\" a11y-audytor\"><strong><a href=\"https:\/\/bon.uw.edu.pl\">Biuro ds. Os\u00f3b Niepe\u0142nosprawnych UW<\/a><\/strong><\/span>.<\/p>\n<h2>Skr\u00f3ty klawiaturowe<\/h2>\n<p>Na stronie <strong><a href=\"http:\/\/www.babel.uw.edu.pl\">www.babel.uw.edu.pl<\/a><\/strong> nie zastosowano \u017cadnych specjalnych skr\u00f3t\u00f3w klawiaturowych.<\/p>\n<h2 id=\"a11y-kontakt\">Informacje zwrotne i dane kontaktowe<\/h2>\n<p>Osob\u0105 kontaktow\u0105 w sprawach zwi\u0105zanych z dost\u0119pno\u015bci\u0105 tej strony internetowej jest <span id=\"a11y-osoba\"><strong>Iwona Antoniak<\/strong><\/span>.<br \/>\nW przypadku problem\u00f3w z dost\u0119pno\u015bci\u0105 strony internetowej prosimy o kontakt: e-mail: <span id=\"a11y-email\"><strong>antoniakiwona@gmail.com<\/strong><\/span>, telefon <span id=\"a11y-telefon\"><strong>+48 664 124 532<\/strong><\/span>.<br \/>\nT\u0105 sam\u0105 drog\u0105 mo\u017cna sk\u0142ada\u0107 wnioski o udost\u0119pnienie informacji niedost\u0119pnej oraz sk\u0142ada\u0107 \u017c\u0105dania zapewnienia dost\u0119pno\u015bci.<\/p>\n<h2 id=\"a11y-procedura\">Procedura wnioskowo-skargowa<\/h2>\n<p>Ka\u017cdy ma prawo do wyst\u0105pienia z \u017c\u0105daniem zapewnienia dost\u0119pno\u015bci cyfrowej strony internetowej, aplikacji mobilnej lub jakiego\u015b ich elementu. Mo\u017cna tak\u017ce za\u017c\u0105da\u0107 udost\u0119pnienia informacji za pomoc\u0105 alternatywnego sposobu dost\u0119pu, na przyk\u0142ad przez odczytanie niedost\u0119pnego cyfrowo dokumentu, opisanie zawarto\u015bci filmu bez audiodeskrypcji itp.<\/p>\n<p>\u017b\u0105danie powinno zawiera\u0107 dane osoby zg\u0142aszaj\u0105cej \u017c\u0105danie, wskazanie, o kt\u00f3r\u0105 stron\u0119 internetow\u0105 lub aplikacj\u0119 mobiln\u0105 chodzi oraz spos\u00f3b kontaktu. Je\u017celi osoba \u017c\u0105daj\u0105ca zg\u0142asza potrzeb\u0119 otrzymania informacji za pomoc\u0105 alternatywnego sposobu dost\u0119pu, powinna tak\u017ce okre\u015bli\u0107 dogodny dla niej spos\u00f3b przedstawienia tej informacji.<\/p>\n<p>Podmiot publiczny powinien zrealizowa\u0107 \u017c\u0105danie niezw\u0142ocznie, nie p\u00f3\u017aniej ni\u017c w ci\u0105gu 7 dni od dnia wyst\u0105pienia z \u017c\u0105daniem. Je\u017celi dotrzymanie tego terminu nie jest mo\u017cliwe, podmiot publiczny niezw\u0142ocznie informuje o tym wnosz\u0105cego \u017c\u0105danie, kiedy realizacja \u017c\u0105dania b\u0119dzie mo\u017cliwa, przy czym termin ten nie mo\u017ce by\u0107 d\u0142u\u017cszy ni\u017c 2 miesi\u0105ce od dnia wyst\u0105pienia z \u017c\u0105daniem.<\/p>\n<p>Je\u017celi zapewnienie dost\u0119pno\u015bci cyfrowej nie jest mo\u017cliwe, podmiot publiczny mo\u017ce zaproponowa\u0107 alternatywny spos\u00f3b dost\u0119pu do informacji. W przypadku, gdy podmiot publiczny odm\u00f3wi realizacji \u017c\u0105dania zapewnienia dost\u0119pno\u015bci lub alternatywnego sposobu dost\u0119pu do informacji, wnosz\u0105cy \u017c\u0105danie mo\u017cne z\u0142o\u017cy\u0107 skarg\u0119 w sprawie zapewniana dost\u0119pno\u015bci cyfrowej strony internetowej, aplikacji mobilnej lub elementu strony internetowej, lub aplikacji mobilnej. Po wyczerpaniu wskazanej wy\u017cej procedury mo\u017cna tak\u017ce z\u0142o\u017cy\u0107 wniosek do <a href=\"https:\/\/www.rpo.gov.pl\">Rzecznika Praw Obywatelskich.<\/a><\/p>\n<h2 id=\"a11y-architektura\">Dost\u0119pno\u015b\u0107 architektoniczna<\/h2>\n<p>Pe\u0142en wykaz budynk\u00f3w nale\u017c\u0105cych do UW znajduje si\u0119 na <strong><a href=\"http:\/\/uw.edu.pl\/deklaracja-dostepnosci\">stronie deklaracji dost\u0119pno\u015bci UW<\/a><\/strong>.<\/p>\n<p>Jednostka Prowadz\u0105ca deklaruje dost\u0119pno\u015b\u0107 architektoniczn\u0105 budynku: <strong>Budynek dydaktyczny &#8211; Krakowskie Przedmie\u015bcie 1, Krakowskie Przedmie\u015bcie 1, 00-927 Warszawa<\/strong><\/p>\n<p>Kierownik \/ Dyrektor administracyjny: <strong>Jolanta Mitek-Rutkowska<\/strong><\/p>\n<p>Telefon: <strong>602-25 48 46 lub 55 20 297<\/strong><\/p>\n<p>Email: <strong>jolamitek@adm.uw.edu.pl<\/strong><\/p>\n<h3>Wej\u015bcie do budynku<\/h3>\n<p>Wej\u015bcie do budynku po dw\u00f3ch stopniach. Podw\u00f3jne drzwi o szer.120 cm. Brak podjazdu, pochylni. Brak mo\u017cliwo\u015bci automatycznego otwierania drzwi. Mo\u017cliwo\u015b\u0107 wezwania portiera.<\/p>\n<h3>Korytarze i przej\u015bcia<\/h3>\n<p>Brak mo\u017cliwo\u015bci samodzielnego dostania si\u0119 do budynku. Brak podjazdu, brak windy. Wysoko\u015b\u0107 klamek prawid\u0142owa, przej\u015bcia w korytarzach powy\u017cej 90 cm. Korytarze na pi\u0119trach bez barier.<\/p>\n<h3>Procedury<\/h3>\n<p>Niezb\u0119dna pomoc przy wej\u015bciu do budynku.<\/p>\n<h3>Dodatkowa pomoc<\/h3>\n<p>Nie zapewniamy sta\u0142ej pomocy w budynku.<\/p>\n<h3>\u0141azienki, toalety, szatnie<\/h3>\n<p>Dwie \u0142azienki dla os\u00f3b niepe\u0142nosprawnych znajduj\u0105 si\u0119 na I i II pi\u0119trze.<\/p>\n<h3>Dojazd i miejsca parkingowe<\/h3>\n<p>Mo\u017cliwe miejsce parkingowe.<\/p>\n<h3>Prawo wst\u0119pu z psem asystuj\u0105cym<\/h3>\n<p>Nie ma ogranicze\u0144 wst\u0119pu z psem asystuj\u0105cym.<\/p>\n<h3>T\u0142umacz PJM<\/h3>\n<p>Potrzeb\u0119 skorzystania z pomocy t\u0142umacza PJM nale\u017cy sk\u0142ada\u0107 do Biura ds. Os\u00f3b Niepe\u0142nosprawnych UW z co najmniej 3 dniowym wyprzedzeniem. Kontakt do BON: \/22\/ 55 24 22, bon@uw.edu.pl, www.bon.uw.edu.pl.<\/p>\n<h3>Dodatkowe informacje o budynku<\/h3>\n<p>W budynku wyst\u0119puj\u0105 wysokie schody.<\/p>\n","protected":false},"excerpt":{"rendered":"<p>Uniwersytet Warszawski zobowi\u0105zuje si\u0119 zapewni\u0107 dost\u0119pno\u015b\u0107 swojej strony internetowej zgodnie z przepisami ustawy z dnia 4 kwietnia 2019 r. o dost\u0119pno\u015bci cyfrowej stron internetowych i aplikacji mobilnych podmiot\u00f3w publicznych. O\u015bwiadczenie w sprawie dost\u0119pn\u015bci ma zastosowanie do strony internetowej www.babel.uw.edu.pl Data publikacji strony internetowej: 2011-08-26. Data ostatniej istotnej aktualizacji: 2020-10-25 . Status zgodno\u015bci z ustaw\u0105 o [&hellip;]<\/p>\n","protected":false},"author":1,"featured_media":0,"parent":0,"menu_order":0,"comment_status":"closed","ping_status":"closed","template":"","meta":{"footnotes":""},"class_list":["post-65","page","type-page","status-publish","hentry"],"_links":{"self":[{"href":"https:\/\/babel.uw.edu.pl\/index.php\/wp-json\/wp\/v2\/pages\/65","targetHints":{"allow":["GET"]}}],"collection":[{"href":"https:\/\/babel.uw.edu.pl\/index.php\/wp-json\/wp\/v2\/pages"}],"about":[{"href":"https:\/\/babel.uw.edu.pl\/index.php\/wp-json\/wp\/v2\/types\/page"}],"author":[{"embeddable":true,"href":"https:\/\/babel.uw.edu.pl\/index.php\/wp-json\/wp\/v2\/users\/1"}],"replies":[{"embeddable":true,"href":"https:\/\/babel.uw.edu.pl\/index.php\/wp-json\/wp\/v2\/comments?post=65"}],"version-history":[{"count":3,"href":"https:\/\/babel.uw.edu.pl\/index.php\/wp-json\/wp\/v2\/pages\/65\/revisions"}],"predecessor-version":[{"id":93,"href":"https:\/\/babel.uw.edu.pl\/index.php\/wp-json\/wp\/v2\/pages\/65\/revisions\/93"}],"wp:attachment":[{"href":"https:\/\/babel.uw.edu.pl\/index.php\/wp-json\/wp\/v2\/media?parent=65"}],"curies":[{"name":"wp","href":"https:\/\/api.w.org\/{rel}","templated":true}]}}