{"id":42,"date":"2021-05-20T19:41:41","date_gmt":"2021-05-20T17:41:41","guid":{"rendered":"http:\/\/epkshbe.cluster030.hosting.ovh.net\/?page_id=42"},"modified":"2021-06-09T14:48:04","modified_gmt":"2021-06-09T12:48:04","slug":"sanskryt","status":"publish","type":"page","link":"https:\/\/babel.uw.edu.pl\/index.php\/kursy-jezykowe\/sanskryt\/","title":{"rendered":"Sanskryt"},"content":{"rendered":"\n<h2 class=\"wp-block-heading\" style=\"font-size:16px\"><strong>Lektorka:<\/strong> dr Ma\u0142gorzta Sulich-Cowley<\/h2>\n\n\n\n<p>Sanskryt jest jednym z najstarszych zachowanych j\u0119zyk\u00f3w indoeuropejskich. Jego historia to ponad trzy tysiaclecia ci\u0105g\u0142ego rozwoju. Od pocz\u0105tku by\u0142 j\u0119zykiem elit; to w nim tworzono literatur\u0119, przekazywano najwa\u017cniejsze teksty kultury. Poznanie sanskrytu stanowi niezb\u0119dny \u015brodek do poznania kultury Indii nie tylko staro\u017cytnych, ale r\u00f3wnie\u017c tych wsp\u00f3\u0142czesnych.<br>Na zaj\u0119ciach zajmowa\u0107 si\u0119 b\u0119dziemy etapem klasycznym rozwoju sanskrytu, kt\u00f3ry stanowi doskona\u0142y punkt wyj\u015bcia do dalszego zg\u0142\u0119biania staro\u017cytnej kultury indyjskiej. Poznamy pismo dewanagari oraz podstawy gramatyki, co umo\u017cliwi nam czytanie i t\u0142umaczenie najpierw prostych zda\u0144, a z czasem tekst\u00f3w oryginalnych (g\u0142\u00f3wnie bajek oraz aforyzm\u00f3w). Poznamy tak\u017ce miejsce sanskrytu w rodzinie j\u0119zyk\u00f3w indoueropejskich oraz poszukamy por\u00f3wna\u0144 z j\u0119zykami wsp\u00f3\u0142czesnej Europy. W kurs wplecione zostan\u0105 te\u017c elementy kultury i filozofii.<\/p>\n","protected":false},"excerpt":{"rendered":"<p>Lektorka: dr Ma\u0142gorzta Sulich-Cowley Sanskryt jest jednym z najstarszych zachowanych j\u0119zyk\u00f3w indoeuropejskich. Jego historia to ponad trzy tysiaclecia ci\u0105g\u0142ego rozwoju. Od pocz\u0105tku by\u0142 j\u0119zykiem elit; to w nim tworzono literatur\u0119, przekazywano najwa\u017cniejsze teksty kultury. Poznanie sanskrytu stanowi niezb\u0119dny \u015brodek do poznania kultury Indii nie tylko staro\u017cytnych, ale r\u00f3wnie\u017c tych wsp\u00f3\u0142czesnych.Na zaj\u0119ciach zajmowa\u0107 si\u0119 b\u0119dziemy etapem [&hellip;]<\/p>\n","protected":false},"author":2,"featured_media":0,"parent":17,"menu_order":0,"comment_status":"closed","ping_status":"closed","template":"","meta":{"footnotes":""},"class_list":["post-42","page","type-page","status-publish","hentry"],"_links":{"self":[{"href":"https:\/\/babel.uw.edu.pl\/index.php\/wp-json\/wp\/v2\/pages\/42","targetHints":{"allow":["GET"]}}],"collection":[{"href":"https:\/\/babel.uw.edu.pl\/index.php\/wp-json\/wp\/v2\/pages"}],"about":[{"href":"https:\/\/babel.uw.edu.pl\/index.php\/wp-json\/wp\/v2\/types\/page"}],"author":[{"embeddable":true,"href":"https:\/\/babel.uw.edu.pl\/index.php\/wp-json\/wp\/v2\/users\/2"}],"replies":[{"embeddable":true,"href":"https:\/\/babel.uw.edu.pl\/index.php\/wp-json\/wp\/v2\/comments?post=42"}],"version-history":[{"count":2,"href":"https:\/\/babel.uw.edu.pl\/index.php\/wp-json\/wp\/v2\/pages\/42\/revisions"}],"predecessor-version":[{"id":62,"href":"https:\/\/babel.uw.edu.pl\/index.php\/wp-json\/wp\/v2\/pages\/42\/revisions\/62"}],"up":[{"embeddable":true,"href":"https:\/\/babel.uw.edu.pl\/index.php\/wp-json\/wp\/v2\/pages\/17"}],"wp:attachment":[{"href":"https:\/\/babel.uw.edu.pl\/index.php\/wp-json\/wp\/v2\/media?parent=42"}],"curies":[{"name":"wp","href":"https:\/\/api.w.org\/{rel}","templated":true}]}}