{"id":40,"date":"2021-05-20T19:41:01","date_gmt":"2021-05-20T17:41:01","guid":{"rendered":"http:\/\/epkshbe.cluster030.hosting.ovh.net\/?page_id=40"},"modified":"2021-06-09T14:46:06","modified_gmt":"2021-06-09T12:46:06","slug":"lacina","status":"publish","type":"page","link":"https:\/\/babel.uw.edu.pl\/index.php\/kursy-jezykowe\/lacina\/","title":{"rendered":"\u0141acina"},"content":{"rendered":"\n<h2 class=\"wp-block-heading\">\u0141acina 1<\/h2>\n\n\n\n<p><strong>Poziom: dla pocz\u0105tkuj\u0105cych<\/strong><\/p>\n\n\n\n<p><\/p>\n\n\n\n<p>\u0141acina w staro\u017cytno\u015bci by\u0142a jednym z dw\u00f3ch g\u0142\u00f3wnych j\u0119zyk\u00f3w kszta\u0142tuj\u0105cych cywilizacyjne i kulturalne oblicze Europy. W \u015bredniowieczu za\u015b, na skutek rozlu\u017anienia wi\u0119zi ze Wschodem panowa\u0142a ju\u017cniepodzielnie a\u017c do momentu emancypacji j\u0119zyk\u00f3w narodowych, pozostaj\u0105c przez d\u0142ugi jeszcze czas j\u0119zykiem filozofii i sztuki. Celem zaj\u0119\u0107 jest zapoznanie uczestnik\u00f3w z podstawami \u0142aciny i kultury \u0142aci\u0144skiej, kt\u00f3re umo\u017cliwi\u0105 samodzieln\u0105 lektur\u0119 tekst\u00f3w oryginalnych. Podczas zaj\u0119\u0107 b\u0119dziemy wsp\u00f3lnie czyta\u0107 teksty \u0142aci\u0144skie, zaczynaj\u0105c od najprostszych, stopniowo przechodz\u0105c do bardziej skomplikowanych. Skupia\u0107 b\u0119dziemy si\u0119 przede wszystkim na tre\u015bci, gramatyka b\u0119dzie dla nas narz\u0119dziem do zrozumienia tekstu, a nie celem samym w sobie. W zale\u017cno\u015bci od preferencji uczestnik\u00f3w, punktem wyj\u015bcia mo\u017ce by\u0107 \u0142acina klasyczna, p\u00f3\u017ana lub \u015bredniowieczna.<\/p>\n","protected":false},"excerpt":{"rendered":"<p>\u0141acina 1 Poziom: dla pocz\u0105tkuj\u0105cych \u0141acina w staro\u017cytno\u015bci by\u0142a jednym z dw\u00f3ch g\u0142\u00f3wnych j\u0119zyk\u00f3w kszta\u0142tuj\u0105cych cywilizacyjne i kulturalne oblicze Europy. W \u015bredniowieczu za\u015b, na skutek rozlu\u017anienia wi\u0119zi ze Wschodem panowa\u0142a ju\u017cniepodzielnie a\u017c do momentu emancypacji j\u0119zyk\u00f3w narodowych, pozostaj\u0105c przez d\u0142ugi jeszcze czas j\u0119zykiem filozofii i sztuki. Celem zaj\u0119\u0107 jest zapoznanie uczestnik\u00f3w z podstawami \u0142aciny i [&hellip;]<\/p>\n","protected":false},"author":2,"featured_media":0,"parent":17,"menu_order":0,"comment_status":"closed","ping_status":"closed","template":"","meta":{"footnotes":""},"class_list":["post-40","page","type-page","status-publish","hentry"],"_links":{"self":[{"href":"https:\/\/babel.uw.edu.pl\/index.php\/wp-json\/wp\/v2\/pages\/40","targetHints":{"allow":["GET"]}}],"collection":[{"href":"https:\/\/babel.uw.edu.pl\/index.php\/wp-json\/wp\/v2\/pages"}],"about":[{"href":"https:\/\/babel.uw.edu.pl\/index.php\/wp-json\/wp\/v2\/types\/page"}],"author":[{"embeddable":true,"href":"https:\/\/babel.uw.edu.pl\/index.php\/wp-json\/wp\/v2\/users\/2"}],"replies":[{"embeddable":true,"href":"https:\/\/babel.uw.edu.pl\/index.php\/wp-json\/wp\/v2\/comments?post=40"}],"version-history":[{"count":2,"href":"https:\/\/babel.uw.edu.pl\/index.php\/wp-json\/wp\/v2\/pages\/40\/revisions"}],"predecessor-version":[{"id":61,"href":"https:\/\/babel.uw.edu.pl\/index.php\/wp-json\/wp\/v2\/pages\/40\/revisions\/61"}],"up":[{"embeddable":true,"href":"https:\/\/babel.uw.edu.pl\/index.php\/wp-json\/wp\/v2\/pages\/17"}],"wp:attachment":[{"href":"https:\/\/babel.uw.edu.pl\/index.php\/wp-json\/wp\/v2\/media?parent=40"}],"curies":[{"name":"wp","href":"https:\/\/api.w.org\/{rel}","templated":true}]}}