{"id":38,"date":"2021-05-20T19:40:44","date_gmt":"2021-05-20T17:40:44","guid":{"rendered":"http:\/\/epkshbe.cluster030.hosting.ovh.net\/?page_id=38"},"modified":"2021-06-09T14:44:48","modified_gmt":"2021-06-09T12:44:48","slug":"koptyjski","status":"publish","type":"page","link":"https:\/\/babel.uw.edu.pl\/index.php\/kursy-jezykowe\/koptyjski\/","title":{"rendered":"Koptyjski"},"content":{"rendered":"\n<p><strong>Koptyjski 1<\/strong><\/p>\n\n\n\n<p><strong>Lektorka:<\/strong> Iwona Antoniak<\/p>\n\n\n\n<p>J\u0119zyk koptyjski nale\u017cy do rodziny j\u0119zyk\u00f3w afroazjatyckich, stanowi ostatni\u0105 faz\u0119 rozwoju j\u0119zyka egipskiego \u2013 sk\u0142ada si\u0119 z 24 liter alfabetu greckiego oraz siedmiu znak\u00f3w zapo\u017cyczonych z pisma demotycznego dla zapisu g\u0142osek charakterystycznych dla j\u0119zyka egipskiego.&nbsp;Bogate pi\u015bmiennictwo koptyjskie to przede wszystkim dzie\u0142a o charakterze religijnym, b\u0119d\u0105ce cennym \u017ar\u00f3d\u0142em poznania mi\u0119dzy innymi literatury ruchu monastycznego okresu wczesnego chrze\u015bcija\u0144stwa, jak r\u00f3wnie\u017c gnozy czy manicheizmu.<\/p>\n\n\n\n<p>Kurs podstawowy pozwoli na zapoznanie si\u0119 z podstawowymi strukturami gramatyki dialektu saidzkiego, umo\u017cliwiaj\u0105cymi lektur\u0119 prostszych tekst\u00f3w &nbsp;(m.in. apoftegmaty Ojc\u00f3w Pustyni, wybrane fragmenty z Nowego Testamentu, teksty dokumentarne zachowane na ostrakach).<\/p>\n\n\n\n<p><strong>Koptyjski \u00a02<\/strong><\/p>\n\n\n\n<p><strong>Lektorka<\/strong>: Iwona Antoniak<\/p>\n\n\n\n<p>Lektura wybranych  fragment\u00f3w tekst\u00f3w \u017ar\u00f3d\u0142owych.<\/p>\n","protected":false},"excerpt":{"rendered":"<p>Koptyjski 1 Lektorka: Iwona Antoniak J\u0119zyk koptyjski nale\u017cy do rodziny j\u0119zyk\u00f3w afroazjatyckich, stanowi ostatni\u0105 faz\u0119 rozwoju j\u0119zyka egipskiego \u2013 sk\u0142ada si\u0119 z 24 liter alfabetu greckiego oraz siedmiu znak\u00f3w zapo\u017cyczonych z pisma demotycznego dla zapisu g\u0142osek charakterystycznych dla j\u0119zyka egipskiego.&nbsp;Bogate pi\u015bmiennictwo koptyjskie to przede wszystkim dzie\u0142a o charakterze religijnym, b\u0119d\u0105ce cennym \u017ar\u00f3d\u0142em poznania mi\u0119dzy innymi [&hellip;]<\/p>\n","protected":false},"author":2,"featured_media":0,"parent":17,"menu_order":0,"comment_status":"closed","ping_status":"closed","template":"","meta":{"footnotes":""},"class_list":["post-38","page","type-page","status-publish","hentry"],"_links":{"self":[{"href":"https:\/\/babel.uw.edu.pl\/index.php\/wp-json\/wp\/v2\/pages\/38","targetHints":{"allow":["GET"]}}],"collection":[{"href":"https:\/\/babel.uw.edu.pl\/index.php\/wp-json\/wp\/v2\/pages"}],"about":[{"href":"https:\/\/babel.uw.edu.pl\/index.php\/wp-json\/wp\/v2\/types\/page"}],"author":[{"embeddable":true,"href":"https:\/\/babel.uw.edu.pl\/index.php\/wp-json\/wp\/v2\/users\/2"}],"replies":[{"embeddable":true,"href":"https:\/\/babel.uw.edu.pl\/index.php\/wp-json\/wp\/v2\/comments?post=38"}],"version-history":[{"count":2,"href":"https:\/\/babel.uw.edu.pl\/index.php\/wp-json\/wp\/v2\/pages\/38\/revisions"}],"predecessor-version":[{"id":60,"href":"https:\/\/babel.uw.edu.pl\/index.php\/wp-json\/wp\/v2\/pages\/38\/revisions\/60"}],"up":[{"embeddable":true,"href":"https:\/\/babel.uw.edu.pl\/index.php\/wp-json\/wp\/v2\/pages\/17"}],"wp:attachment":[{"href":"https:\/\/babel.uw.edu.pl\/index.php\/wp-json\/wp\/v2\/media?parent=38"}],"curies":[{"name":"wp","href":"https:\/\/api.w.org\/{rel}","templated":true}]}}