{"id":30,"date":"2021-05-20T19:39:18","date_gmt":"2021-05-20T17:39:18","guid":{"rendered":"http:\/\/epkshbe.cluster030.hosting.ovh.net\/?page_id=30"},"modified":"2021-06-09T14:40:05","modified_gmt":"2021-06-09T12:40:05","slug":"arabski","status":"publish","type":"page","link":"https:\/\/babel.uw.edu.pl\/index.php\/kursy-jezykowe\/arabski\/","title":{"rendered":"Arabski"},"content":{"rendered":"\n<h2 class=\"wp-block-heading\">ARABSKI 1<\/h2>\n\n\n\n<p>Przedmiotem kursu jest wsp\u00f3\u0142czesny literacki j\u0119zyk arabski (Modern Standard Arabic), b\u0119d\u0105cy lingua franca dzisiejszego \u015bwiata arabskiego. Podczas lekcji poznamy alfabet arabski oraz b\u0119dziemy \u0107wiczy\u0107 rozpoznawanie i wymow\u0119 trudnych d\u017awi\u0119k\u00f3w j\u0119zyka arabskiego. Zapoznamy si\u0119 z podstawowymi zagadnieniami gramatycznymi: tworzeniem zda\u0144 imiennych, rodzajem \u017ce\u0144skim, status constructus, systemem przypadk\u00f3w, wyra\u017caniem przynale\u017cno\u015bci, liczb\u0105 mnog\u0105 oraz fleksj\u0105 czasownika w czasie tera\u017aniejszym. Przerabiane tematy b\u0119d\u0105 wsparte licznymi przyk\u0142adami codziennego u\u017cycia j\u0119zyka, nauczymy si\u0119 wi\u0119c m.in.: form grzeczno\u015bciowych, powita\u0144 i po\u017cegna\u0144, przedstawiania siebie, m\u00f3wienia o swojej rodzinie i formu\u0142owania podstawowych pyta\u0144. Po kursie ucze\u0144 b\u0119dzie w stanie zrozumie\u0107 proste, kr\u00f3tkie komunikaty w j\u0119zyku arabskim w zakresie poznanego s\u0142ownictwa, zar\u00f3wno w mowie jak i na pi\u015bmie. Kursowi towarzysz\u0105 liczne \u0107wiczenia (grupowe, indywidualne i do odrobienia w domu), wspomagaj\u0105ce rozw\u00f3j wszystkich sprawno\u015bci j\u0119zykowych.<\/p>\n\n\n\n<p>Opr\u00f3cz informacji czysto j\u0119zykowych uczniowie poznaj\u0105 rol\u0119 arabskiego jako no\u015bnika kultury. Om\u00f3wimy podstawowe zwroty religijne obecne w mowie Arab\u00f3w oraz \u015blady j\u0119zyka arabskiego w innych j\u0119zykach zwi\u0105zanych z cywilizacj\u0105 islamu. Historia j\u0119zyka arabskiego jest nierozerwalnie zwi\u0105zana z histori\u0105 samego islamu i losami kultury arabskiej \u2013 poznamy zarys ewolucji, kt\u00f3r\u0105 przeszed\u0142 j\u0119zyk od czas\u00f3w spisania Koranu po dzisiejszy j\u0119zyk medi\u00f3w, internetu i m\u00f3wione dialekty ulicy arabskiej.<\/p>\n\n\n\n<h2 class=\"wp-block-heading\">ARABSKI 2<\/h2>\n\n\n\n<p>Kurs dla os\u00f3b kontynuuj\u0105cych nauk\u0119 j\u0119zyka arabskiego literackiego, wsp\u00f3lnego dla wszystkich kraj\u00f3w arabskich. Do uczestnictwa w kursie wymagana jest znajomo\u015b\u0107 pisma arabskiego oraz podstaw gramatyki oraz s\u0142ownictwa na poziomie podstawowym. Podczas zaj\u0119\u0107 rozwija\u0107 b\u0119dziemy wszystkie sprawno\u015bci j\u0119zykowe (formu\u0142owanie wypowiedzi, rozumienie tekstu pisanego, tworzenie w\u0142asnych tekst\u00f3w oraz rozumienie ze s\u0142uchu) oraz \u0107wiczy\u0107 poznane ju\u017c struktury gramatyczne, stopniowo poszerzaj\u0105c je o nowe. Kurs zorientowany jest na stopniowe nabywanie praktycznych umiej\u0119tno\u015bci pos\u0142ugiwania si\u0119 j\u0119zykiem arabskim w sytuacjach codziennych, dlatego te\u017c nacisk k\u0142adziony b\u0119dzie na komunikacj\u0119. Do programu kursu wprowadzane b\u0119d\u0105 te\u017c elementy dialekt\u00f3w (g\u0142\u00f3wnie liba\u0144skiego oraz syryjskiego). Istotn\u0105 cz\u0119\u015bci\u0105 ka\u017cdych zaj\u0119\u0107 b\u0119d\u0105 nawi\u0105zania do cywilizacji \u015bwiata arabskoj\u0119zycznego (m.in. historii, nauki, sztuki, religii, obyczaj\u00f3w a tak\u017ce kultury popularnej).<\/p>\n","protected":false},"excerpt":{"rendered":"<p>ARABSKI 1 Przedmiotem kursu jest wsp\u00f3\u0142czesny literacki j\u0119zyk arabski (Modern Standard Arabic), b\u0119d\u0105cy lingua franca dzisiejszego \u015bwiata arabskiego. Podczas lekcji poznamy alfabet arabski oraz b\u0119dziemy \u0107wiczy\u0107 rozpoznawanie i wymow\u0119 trudnych d\u017awi\u0119k\u00f3w j\u0119zyka arabskiego. Zapoznamy si\u0119 z podstawowymi zagadnieniami gramatycznymi: tworzeniem zda\u0144 imiennych, rodzajem \u017ce\u0144skim, status constructus, systemem przypadk\u00f3w, wyra\u017caniem przynale\u017cno\u015bci, liczb\u0105 mnog\u0105 oraz fleksj\u0105 czasownika [&hellip;]<\/p>\n","protected":false},"author":2,"featured_media":0,"parent":17,"menu_order":0,"comment_status":"closed","ping_status":"closed","template":"","meta":{"footnotes":""},"class_list":["post-30","page","type-page","status-publish","hentry"],"_links":{"self":[{"href":"https:\/\/babel.uw.edu.pl\/index.php\/wp-json\/wp\/v2\/pages\/30","targetHints":{"allow":["GET"]}}],"collection":[{"href":"https:\/\/babel.uw.edu.pl\/index.php\/wp-json\/wp\/v2\/pages"}],"about":[{"href":"https:\/\/babel.uw.edu.pl\/index.php\/wp-json\/wp\/v2\/types\/page"}],"author":[{"embeddable":true,"href":"https:\/\/babel.uw.edu.pl\/index.php\/wp-json\/wp\/v2\/users\/2"}],"replies":[{"embeddable":true,"href":"https:\/\/babel.uw.edu.pl\/index.php\/wp-json\/wp\/v2\/comments?post=30"}],"version-history":[{"count":2,"href":"https:\/\/babel.uw.edu.pl\/index.php\/wp-json\/wp\/v2\/pages\/30\/revisions"}],"predecessor-version":[{"id":57,"href":"https:\/\/babel.uw.edu.pl\/index.php\/wp-json\/wp\/v2\/pages\/30\/revisions\/57"}],"up":[{"embeddable":true,"href":"https:\/\/babel.uw.edu.pl\/index.php\/wp-json\/wp\/v2\/pages\/17"}],"wp:attachment":[{"href":"https:\/\/babel.uw.edu.pl\/index.php\/wp-json\/wp\/v2\/media?parent=30"}],"curies":[{"name":"wp","href":"https:\/\/api.w.org\/{rel}","templated":true}]}}