{"id":23,"date":"2021-05-20T19:34:04","date_gmt":"2021-05-20T17:34:04","guid":{"rendered":"http:\/\/epkshbe.cluster030.hosting.ovh.net\/?page_id=23"},"modified":"2021-09-27T13:00:45","modified_gmt":"2021-09-27T11:00:45","slug":"zapisy","status":"publish","type":"page","link":"https:\/\/babel.uw.edu.pl\/index.php\/zapisy\/","title":{"rendered":"Zapisy"},"content":{"rendered":"\n<p class=\"has-primary-color has-text-color\">Zapisy na kursy w roku akademickim 2021\/2022 rozpoczn\u0105 si\u0119 <strong>04.10.2021<\/strong> drog\u0105 mailow\u0105: <strong>babel.kn@uw.edu.pl<\/strong>, w tytule prosimy wpisa\u0107 nazw\u0119 kursu, na kt\u00f3ry chc\u0105 si\u0119 Pa\u0144stwo zapisa\u0107. <\/p>\n\n\n\n<p><\/p>\n","protected":false},"excerpt":{"rendered":"<p>Zapisy na kursy w roku akademickim 2021\/2022 rozpoczn\u0105 si\u0119 04.10.2021 drog\u0105 mailow\u0105: babel.kn@uw.edu.pl, w tytule prosimy wpisa\u0107 nazw\u0119 kursu, na kt\u00f3ry chc\u0105 si\u0119 Pa\u0144stwo zapisa\u0107.<\/p>\n","protected":false},"author":1,"featured_media":0,"parent":0,"menu_order":0,"comment_status":"closed","ping_status":"closed","template":"","meta":{"footnotes":""},"class_list":["post-23","page","type-page","status-publish","hentry"],"_links":{"self":[{"href":"https:\/\/babel.uw.edu.pl\/index.php\/wp-json\/wp\/v2\/pages\/23","targetHints":{"allow":["GET"]}}],"collection":[{"href":"https:\/\/babel.uw.edu.pl\/index.php\/wp-json\/wp\/v2\/pages"}],"about":[{"href":"https:\/\/babel.uw.edu.pl\/index.php\/wp-json\/wp\/v2\/types\/page"}],"author":[{"embeddable":true,"href":"https:\/\/babel.uw.edu.pl\/index.php\/wp-json\/wp\/v2\/users\/1"}],"replies":[{"embeddable":true,"href":"https:\/\/babel.uw.edu.pl\/index.php\/wp-json\/wp\/v2\/comments?post=23"}],"version-history":[{"count":7,"href":"https:\/\/babel.uw.edu.pl\/index.php\/wp-json\/wp\/v2\/pages\/23\/revisions"}],"predecessor-version":[{"id":111,"href":"https:\/\/babel.uw.edu.pl\/index.php\/wp-json\/wp\/v2\/pages\/23\/revisions\/111"}],"wp:attachment":[{"href":"https:\/\/babel.uw.edu.pl\/index.php\/wp-json\/wp\/v2\/media?parent=23"}],"curies":[{"name":"wp","href":"https:\/\/api.w.org\/{rel}","templated":true}]}}