{"id":19,"date":"2021-05-20T19:33:30","date_gmt":"2021-05-20T17:33:30","guid":{"rendered":"http:\/\/epkshbe.cluster030.hosting.ovh.net\/?page_id=19"},"modified":"2021-06-17T17:04:27","modified_gmt":"2021-06-17T15:04:27","slug":"pomoce","status":"publish","type":"page","link":"https:\/\/babel.uw.edu.pl\/index.php\/pomoce\/","title":{"rendered":"Pomoce"},"content":{"rendered":"\n<p>Poni\u017cej znajdziecie przydatne materia\u0142y informacyjne i dydaktyczne<\/p>\n\n\n\n<hr class=\"wp-block-separator\"\/>\n\n\n\n<h2 class=\"wp-block-heading\" id=\"hebr\">SANSKRYT<\/h2>\n\n\n\n<ul class=\"wp-block-list\"><li><a href=\"http:\/\/sanskryt.eu\/\">http:\/\/sanskryt.eu\/<\/a><\/li><li><a href=\"http:\/\/spokensanskrit.de\/\">http:\/\/spokensanskrit.de\/<\/a><\/li><li><a href=\"http:\/\/sanskritdocuments.org\/dict\/\">http:\/\/sanskritdocuments.org\/dict\/<\/a><\/li><\/ul>\n\n\n\n<hr class=\"wp-block-separator\"\/>\n\n\n\n<h2 class=\"wp-block-heading\" id=\"gr\">GREKA<\/h2>\n\n\n\n<ul class=\"wp-block-list\"><li>Smyth Greek Grammar &#8211;&nbsp;<a href=\"http:\/\/www.textkit.com\/learn\/ID\/142\/author_id\/63\/\">http:\/\/www.textkit.com\/learn\/ID\/142\/author_id\/63\/<\/a><\/li><li>Septuaginta:&nbsp;<a href=\"http:\/\/www.biblia.info.pl\/septuaginta\/index.htm\">http:\/\/www.biblia.info.pl\/septuaginta\/index.htm<\/a><\/li><li>Greka Biblijna:&nbsp;<a href=\"http:\/\/sites.google.com\/site\/orygenesorgblog\/Home\/bible-search-books\/jezyk-grecki-on-line\">http:\/\/sites.google.com\/site\/orygenesorgblog\/Home\/bible-search-books\/jezyk-grecki-on-line<\/a><\/li><li>Liddell &#8211; Scott:&nbsp;<a href=\"http:\/\/www.tlg.uci.edu\/lsj\/#eid=1&amp;context=lsj\">http:\/\/www.tlg.uci.edu\/lsj\/#eid=1&amp;context=lsj<\/a><\/li><\/ul>\n\n\n\n<hr class=\"wp-block-separator\"\/>\n\n\n\n<h2 class=\"wp-block-heading\" id=\"latina\">\u0141ACINA<\/h2>\n\n\n\n<ul class=\"wp-block-list\"><li>Vulgata:&nbsp;<a href=\"http:\/\/www.biblegateway.com\/\">http:\/\/www.biblegateway.com\/<\/a><\/li><li>Latin Library:&nbsp;<a href=\"http:\/\/www.thelatinlibrary.com\/\">http:\/\/www.thelatinlibrary.com\/<\/a><\/li><li>Orbis Latinus:&nbsp;<a href=\"http:\/\/www.columbia.edu\/acis\/ets\/Graesse\/contents.html\">http:\/\/www.columbia.edu\/acis\/ets\/Graesse\/contents.html<\/a><\/li><\/ul>\n\n\n\n<hr class=\"wp-block-separator\"\/>\n\n\n\n<h2 class=\"wp-block-heading\" id=\"hebr\">R\u00d3\u017bNE (\u0142aci\u0144skie i greckie)<\/h2>\n\n\n\n<ul class=\"wp-block-list\"><li>Bibliotheca Augustana:&nbsp;<a href=\"http:\/\/www.hs-augsburg.de\/~harsch\/augustana.html#la\">http:\/\/www.hs-augsburg.de\/~harsch\/augustana.html#la<\/a><\/li><li>Online Medieval and Classical Library:&nbsp;<a href=\"http:\/\/omacl.org\/\">http:\/\/omacl.org\/<\/a><\/li><li>Projekt Gutenberg:&nbsp;<a href=\"http:\/\/www.gutenberg.org\/\">http:\/\/www.gutenberg.org\/<\/a><\/li><li>Ancient library:&nbsp;<a href=\"http:\/\/www.ancientlibrary.com\/\">http:\/\/www.ancientlibrary.com\/<\/a><\/li><li>Perseus:&nbsp;<a href=\"http:\/\/www.perseus.tufts.edu\/hopper\/resolveform?redirect=true&amp;display=&amp;lang=greek\">http:\/\/www.perseus.tufts.edu\/hopper\/resolveform?redirect=true&amp;display=&amp;lang=greek<\/a><\/li><li>Lacus Curtius &#8211; Greek and Roman Authors:&nbsp;:&nbsp;<a href=\"http:\/\/penelope.uchicago.edu\/Thayer\/E\/Roman\/Texts\/home.html\">http:\/\/penelope.uchicago.edu\/Thayer\/E\/Roman\/Texts\/home.html<\/a><\/li><\/ul>\n\n\n\n<hr class=\"wp-block-separator\"\/>\n\n\n\n<h2 class=\"wp-block-heading\" id=\"hebr\">KOPTYJSKI<\/h2>\n\n\n\n<ul class=\"wp-block-list\"><li>Coptica:&nbsp;<a href=\"http:\/\/coptica.ch\/222501\/index.html\" target=\"_blank\" rel=\"noreferrer noopener\">http:\/\/coptica.ch\/222501\/index.html<\/a><\/li><li>S\u0142ownik:&nbsp;<a href=\"http:\/\/www.metalog.org\/files\/crum.html\" target=\"_blank\" rel=\"noreferrer noopener\">http:\/\/www.metalog.org\/files\/crum.html<\/a><\/li><\/ul>\n","protected":false},"excerpt":{"rendered":"<p>Poni\u017cej znajdziecie przydatne materia\u0142y informacyjne i dydaktyczne SANSKRYT http:\/\/sanskryt.eu\/ http:\/\/spokensanskrit.de\/ http:\/\/sanskritdocuments.org\/dict\/ GREKA Smyth Greek Grammar &#8211;&nbsp;http:\/\/www.textkit.com\/learn\/ID\/142\/author_id\/63\/ Septuaginta:&nbsp;http:\/\/www.biblia.info.pl\/septuaginta\/index.htm Greka Biblijna:&nbsp;http:\/\/sites.google.com\/site\/orygenesorgblog\/Home\/bible-search-books\/jezyk-grecki-on-line Liddell &#8211; Scott:&nbsp;http:\/\/www.tlg.uci.edu\/lsj\/#eid=1&amp;context=lsj \u0141ACINA Vulgata:&nbsp;http:\/\/www.biblegateway.com\/ Latin Library:&nbsp;http:\/\/www.thelatinlibrary.com\/ Orbis Latinus:&nbsp;http:\/\/www.columbia.edu\/acis\/ets\/Graesse\/contents.html R\u00d3\u017bNE (\u0142aci\u0144skie i greckie) Bibliotheca Augustana:&nbsp;http:\/\/www.hs-augsburg.de\/~harsch\/augustana.html#la Online Medieval and Classical Library:&nbsp;http:\/\/omacl.org\/ Projekt Gutenberg:&nbsp;http:\/\/www.gutenberg.org\/ Ancient library:&nbsp;http:\/\/www.ancientlibrary.com\/ Perseus:&nbsp;http:\/\/www.perseus.tufts.edu\/hopper\/resolveform?redirect=true&amp;display=&amp;lang=greek Lacus Curtius &#8211; Greek and Roman Authors:&nbsp;:&nbsp;http:\/\/penelope.uchicago.edu\/Thayer\/E\/Roman\/Texts\/home.html KOPTYJSKI Coptica:&nbsp;http:\/\/coptica.ch\/222501\/index.html S\u0142ownik:&nbsp;http:\/\/www.metalog.org\/files\/crum.html<\/p>\n","protected":false},"author":1,"featured_media":0,"parent":0,"menu_order":0,"comment_status":"closed","ping_status":"closed","template":"","meta":{"footnotes":""},"class_list":["post-19","page","type-page","status-publish","hentry"],"_links":{"self":[{"href":"https:\/\/babel.uw.edu.pl\/index.php\/wp-json\/wp\/v2\/pages\/19","targetHints":{"allow":["GET"]}}],"collection":[{"href":"https:\/\/babel.uw.edu.pl\/index.php\/wp-json\/wp\/v2\/pages"}],"about":[{"href":"https:\/\/babel.uw.edu.pl\/index.php\/wp-json\/wp\/v2\/types\/page"}],"author":[{"embeddable":true,"href":"https:\/\/babel.uw.edu.pl\/index.php\/wp-json\/wp\/v2\/users\/1"}],"replies":[{"embeddable":true,"href":"https:\/\/babel.uw.edu.pl\/index.php\/wp-json\/wp\/v2\/comments?post=19"}],"version-history":[{"count":3,"href":"https:\/\/babel.uw.edu.pl\/index.php\/wp-json\/wp\/v2\/pages\/19\/revisions"}],"predecessor-version":[{"id":97,"href":"https:\/\/babel.uw.edu.pl\/index.php\/wp-json\/wp\/v2\/pages\/19\/revisions\/97"}],"wp:attachment":[{"href":"https:\/\/babel.uw.edu.pl\/index.php\/wp-json\/wp\/v2\/media?parent=19"}],"curies":[{"name":"wp","href":"https:\/\/api.w.org\/{rel}","templated":true}]}}