{"id":17,"date":"2021-05-20T19:33:12","date_gmt":"2021-05-20T17:33:12","guid":{"rendered":"http:\/\/epkshbe.cluster030.hosting.ovh.net\/?page_id=17"},"modified":"2021-06-17T17:01:10","modified_gmt":"2021-06-17T15:01:10","slug":"kursy-jezykowe","status":"publish","type":"page","link":"https:\/\/babel.uw.edu.pl\/index.php\/kursy-jezykowe\/","title":{"rendered":"Kursy j\u0119zykowe"},"content":{"rendered":"\n<p>Zapraszamy na kursy j\u0119zykowe prowadzone w Fundacji Babel:<\/p>\n\n\n\n<ul class=\"wp-block-list\"><li><a href=\"http:\/\/epkshbe.cluster030.hosting.ovh.net\/index.php\/kursy-jezykowe\/arabski\/\">Arabski<\/a><\/li><li><a href=\"http:\/\/epkshbe.cluster030.hosting.ovh.net\/index.php\/kursy-jezykowe\/chinski\/\">Chi\u0144ski<\/a><\/li><li><a href=\"http:\/\/epkshbe.cluster030.hosting.ovh.net\/index.php\/kursy-jezykowe\/greka\/\">Greka<\/a><\/li><li><a href=\"http:\/\/epkshbe.cluster030.hosting.ovh.net\/index.php\/kursy-jezykowe\/hebrajski\/\">Hebrajski<\/a><\/li><li><a href=\"http:\/\/epkshbe.cluster030.hosting.ovh.net\/index.php\/kursy-jezykowe\/koptyjski\/\">Koptyjski<\/a><\/li><li><a href=\"http:\/\/epkshbe.cluster030.hosting.ovh.net\/index.php\/kursy-jezykowe\/lacina\/\">\u0141acina<\/a><\/li><li><a href=\"http:\/\/epkshbe.cluster030.hosting.ovh.net\/index.php\/kursy-jezykowe\/sanskryt\/\">Sanskryt<\/a><\/li><li><a href=\"http:\/\/epkshbe.cluster030.hosting.ovh.net\/index.php\/kursy-jezykowe\/staro-cerkiewno-slowianski\/\">Staro-cerkiewno-s\u0142owia\u0144ski<\/a><\/li><\/ul>\n\n\n\n<p><a href=\"http:\/\/epkshbe.cluster030.hosting.ovh.net\/index.php\/zapisy\/\">Zapisy<\/a><\/p>\n","protected":false},"excerpt":{"rendered":"<p>Zapraszamy na kursy j\u0119zykowe prowadzone w Fundacji Babel: Arabski Chi\u0144ski Greka Hebrajski Koptyjski \u0141acina Sanskryt Staro-cerkiewno-s\u0142owia\u0144ski Zapisy<\/p>\n","protected":false},"author":1,"featured_media":0,"parent":0,"menu_order":0,"comment_status":"closed","ping_status":"closed","template":"","meta":{"footnotes":""},"class_list":["post-17","page","type-page","status-publish","hentry"],"_links":{"self":[{"href":"https:\/\/babel.uw.edu.pl\/index.php\/wp-json\/wp\/v2\/pages\/17","targetHints":{"allow":["GET"]}}],"collection":[{"href":"https:\/\/babel.uw.edu.pl\/index.php\/wp-json\/wp\/v2\/pages"}],"about":[{"href":"https:\/\/babel.uw.edu.pl\/index.php\/wp-json\/wp\/v2\/types\/page"}],"author":[{"embeddable":true,"href":"https:\/\/babel.uw.edu.pl\/index.php\/wp-json\/wp\/v2\/users\/1"}],"replies":[{"embeddable":true,"href":"https:\/\/babel.uw.edu.pl\/index.php\/wp-json\/wp\/v2\/comments?post=17"}],"version-history":[{"count":4,"href":"https:\/\/babel.uw.edu.pl\/index.php\/wp-json\/wp\/v2\/pages\/17\/revisions"}],"predecessor-version":[{"id":96,"href":"https:\/\/babel.uw.edu.pl\/index.php\/wp-json\/wp\/v2\/pages\/17\/revisions\/96"}],"wp:attachment":[{"href":"https:\/\/babel.uw.edu.pl\/index.php\/wp-json\/wp\/v2\/media?parent=17"}],"curies":[{"name":"wp","href":"https:\/\/api.w.org\/{rel}","templated":true}]}}