{"id":15,"date":"2021-05-20T19:32:28","date_gmt":"2021-05-20T17:32:28","guid":{"rendered":"http:\/\/epkshbe.cluster030.hosting.ovh.net\/?page_id=15"},"modified":"2021-06-01T14:27:45","modified_gmt":"2021-06-01T12:27:45","slug":"o-fundacji","status":"publish","type":"page","link":"https:\/\/babel.uw.edu.pl\/index.php\/o-fundacji\/","title":{"rendered":"O fundacji"},"content":{"rendered":"\n<p>Celem Fundacji Babel jest zachowywanie, rozwijanie jak r\u00f3wnie\u017c upowszechnianie \u015bwiatowego dziedzictwa  kultury  staro\u017cytnej i wczesno\u015bredniowiecznej utrwalonego w j\u0119zyku.  Te zadania s\u0105 realizowane poprzez organizowanie\u00a0kampanii i akcji edukacyjnych na rzecz znajomo\u015bci  j\u0119zyk\u00f3w, jak r\u00f3wnie\u017c wyk\u0142ady popularyzatorskie.<\/p>\n","protected":false},"excerpt":{"rendered":"<p>Celem Fundacji Babel jest zachowywanie, rozwijanie jak r\u00f3wnie\u017c upowszechnianie \u015bwiatowego dziedzictwa kultury staro\u017cytnej i wczesno\u015bredniowiecznej utrwalonego w j\u0119zyku. Te zadania s\u0105 realizowane poprzez organizowanie\u00a0kampanii i akcji edukacyjnych na rzecz znajomo\u015bci j\u0119zyk\u00f3w, jak r\u00f3wnie\u017c wyk\u0142ady popularyzatorskie.<\/p>\n","protected":false},"author":1,"featured_media":0,"parent":0,"menu_order":0,"comment_status":"closed","ping_status":"closed","template":"","meta":{"footnotes":""},"class_list":["post-15","page","type-page","status-publish","hentry"],"_links":{"self":[{"href":"https:\/\/babel.uw.edu.pl\/index.php\/wp-json\/wp\/v2\/pages\/15","targetHints":{"allow":["GET"]}}],"collection":[{"href":"https:\/\/babel.uw.edu.pl\/index.php\/wp-json\/wp\/v2\/pages"}],"about":[{"href":"https:\/\/babel.uw.edu.pl\/index.php\/wp-json\/wp\/v2\/types\/page"}],"author":[{"embeddable":true,"href":"https:\/\/babel.uw.edu.pl\/index.php\/wp-json\/wp\/v2\/users\/1"}],"replies":[{"embeddable":true,"href":"https:\/\/babel.uw.edu.pl\/index.php\/wp-json\/wp\/v2\/comments?post=15"}],"version-history":[{"count":4,"href":"https:\/\/babel.uw.edu.pl\/index.php\/wp-json\/wp\/v2\/pages\/15\/revisions"}],"predecessor-version":[{"id":55,"href":"https:\/\/babel.uw.edu.pl\/index.php\/wp-json\/wp\/v2\/pages\/15\/revisions\/55"}],"wp:attachment":[{"href":"https:\/\/babel.uw.edu.pl\/index.php\/wp-json\/wp\/v2\/media?parent=15"}],"curies":[{"name":"wp","href":"https:\/\/api.w.org\/{rel}","templated":true}]}}